{"id":29,"date":"2025-05-06T13:24:28","date_gmt":"2025-05-06T11:24:28","guid":{"rendered":"https:\/\/www.berghof-seiffen.de\/?page_id=29"},"modified":"2025-09-05T09:41:34","modified_gmt":"2025-09-05T07:41:34","slug":"kontakt-anfahrt","status":"publish","type":"page","link":"https:\/\/www.berghof-seiffen.de\/en\/kontakt-anfahrt\/","title":{"rendered":"Contact &amp; How to find us"},"content":{"rendered":"\t\t<div data-elementor-type=\"wp-page\" data-elementor-id=\"29\" class=\"elementor elementor-29\" data-elementor-post-type=\"page\">\n\t\t\t\t<div class=\"elementor-element elementor-element-6d1d3f06 e-flex e-con-boxed e-con e-parent\" data-id=\"6d1d3f06\" data-element_type=\"container\" data-e-type=\"container\">\n\t\t\t\t\t<div class=\"e-con-inner\">\n\t\t<div class=\"elementor-element elementor-element-1436f790 animated-slow e-con-full e-flex elementor-invisible e-con e-child\" data-id=\"1436f790\" data-element_type=\"container\" data-e-type=\"container\" data-settings=\"{&quot;animation&quot;:&quot;slideInDown&quot;}\">\n\t\t\t\t<\/div>\n\t\t\t\t\t<\/div>\n\t\t\t\t<\/div>\n\t\t<div class=\"elementor-element elementor-element-2c2c6b00 e-flex e-con-boxed e-con e-parent\" data-id=\"2c2c6b00\" data-element_type=\"container\" data-e-type=\"container\">\n\t\t\t\t\t<div class=\"e-con-inner\">\n\t\t\t\t<div class=\"elementor-element elementor-element-2bc96d25 elementor-widget elementor-widget-text-editor\" data-id=\"2bc96d25\" data-element_type=\"widget\" data-e-type=\"widget\" data-widget_type=\"text-editor.default\">\n\t\t\t\t\t\t\t\t\t<h1>Kontaktieren Sie uns, wenn &#8230;<\/h1>\t\t\t\t\t\t\t\t<\/div>\n\t\t\t\t<div class=\"elementor-element elementor-element-27e2c89e elementor-widget elementor-widget-heading\" data-id=\"27e2c89e\" data-element_type=\"widget\" data-e-type=\"widget\" data-widget_type=\"heading.default\">\n\t\t\t\t\t<h2 class=\"elementor-heading-title elementor-size-default\">... Sie Fragen, W\u00fcnsche oder Anregungen haben<\/h2>\t\t\t\t<\/div>\n\t\t\t\t<div class=\"elementor-element elementor-element-38cf6ac3 elementor-widget-divider--view-line elementor-widget elementor-widget-divider\" data-id=\"38cf6ac3\" data-element_type=\"widget\" data-e-type=\"widget\" data-widget_type=\"divider.default\">\n\t\t\t\t\t\t\t<div class=\"elementor-divider\">\n\t\t\t<span class=\"elementor-divider-separator\">\n\t\t\t\t\t\t<\/span>\n\t\t<\/div>\n\t\t\t\t\t\t<\/div>\n\t\t\t\t<div class=\"elementor-element elementor-element-429d8b29 elementor-widget elementor-widget-text-editor\" data-id=\"429d8b29\" data-element_type=\"widget\" data-e-type=\"widget\" data-widget_type=\"text-editor.default\">\n\t\t\t\t\t\t\t\t\t<p class=\"bodytext\" style=\"text-align: left;\">Schreiben Sie uns gerne eine E-Mail, rufen Sie uns an oder nutzen Sie das untenstehende Kontakt-Formular.<\/p>\t\t\t\t\t\t\t\t<\/div>\n\t\t\t\t<div class=\"elementor-element elementor-element-b810fd1 elementor-widget elementor-widget-text-editor\" data-id=\"b810fd1\" data-element_type=\"widget\" data-e-type=\"widget\" data-widget_type=\"text-editor.default\">\n\t\t\t\t\t\t\t\t\t<div class=\"elementor-element elementor-element-5cfbaab elementor-widget elementor-widget-heading\" data-id=\"5cfbaab\" data-element_type=\"widget\" data-widget_type=\"heading.default\"><div class=\"elementor-widget-container\"><h2 class=\"elementor-heading-title elementor-size-default\" style=\"text-align: left;\">Anschrift<\/h2><\/div><\/div><div class=\"elementor-element elementor-element-7b54754 elementor-widget elementor-widget-text-editor\" style=\"text-align: left;\" data-id=\"7b54754\" data-element_type=\"widget\" data-widget_type=\"text-editor.default\"><div class=\"elementor-widget-container\"><p>Hotel Berghof<br \/>Kurhausstra\u00dfe 36 \u00b7 09548 Seiffen<\/p><\/div><\/div><div class=\"elementor-element elementor-element-fbb0053 elementor-widget elementor-widget-heading\" style=\"text-align: left;\" data-id=\"fbb0053\" data-element_type=\"widget\" data-widget_type=\"heading.default\"><div class=\"elementor-widget-container\"><h2 class=\"elementor-heading-title elementor-size-default\">Kontaktdaten<\/h2><\/div><\/div><div class=\"elementor-element elementor-element-daf652c elementor-widget elementor-widget-text-editor\" data-id=\"daf652c\" data-element_type=\"widget\" data-widget_type=\"text-editor.default\"><div class=\"elementor-widget-container\"><p style=\"text-align: left;\">Telefon: 037362-77 20 \u00b7 Fax: 037362-77 22 20<\/p><p style=\"text-align: left;\"><a href=\"mailto:hotel@berghof-seiffen.de\" target=\"_blank\" rel=\"noopener\">hotel@berghof-seiffen.de<\/a><\/p><\/div><\/div>\t\t\t\t\t\t\t\t<\/div>\n\t\t\t\t\t<\/div>\n\t\t\t\t<\/div>\n\t\t<div class=\"elementor-element elementor-element-4354420d e-flex e-con-boxed e-con e-parent\" data-id=\"4354420d\" data-element_type=\"container\" data-e-type=\"container\" data-settings=\"{&quot;background_background&quot;:&quot;classic&quot;}\">\n\t\t\t\t\t<div class=\"e-con-inner\">\n\t\t<div class=\"elementor-element elementor-element-5eea91b9 e-con-full e-flex e-con e-child\" data-id=\"5eea91b9\" data-element_type=\"container\" data-e-type=\"container\">\n\t\t\t\t<div class=\"elementor-element elementor-element-5e3e00c5 elementor-widget elementor-widget-text-editor\" data-id=\"5e3e00c5\" data-element_type=\"widget\" data-e-type=\"widget\" data-widget_type=\"text-editor.default\">\n\t\t\t\t\t\t\t\t\t<h3>Kontakt-Formular<\/h3>\t\t\t\t\t\t\t\t<\/div>\n\t\t\t\t<div class=\"elementor-element elementor-element-b03bf91 elementor-widget elementor-widget-text-editor\" data-id=\"b03bf91\" data-element_type=\"widget\" data-e-type=\"widget\" data-widget_type=\"text-editor.default\">\n\t\t\t\t\t\t\t\t\t<p>* Pflichtfelder<\/p>\t\t\t\t\t\t\t\t<\/div>\n\t\t\t\t<div class=\"elementor-element elementor-element-2b40014f elementor-button-align-start elementor-widget elementor-widget-form\" data-id=\"2b40014f\" data-element_type=\"widget\" data-e-type=\"widget\" data-settings=\"{&quot;step_next_label&quot;:&quot;N\\u00e4chster&quot;,&quot;step_previous_label&quot;:&quot;Voriger&quot;,&quot;button_width&quot;:&quot;100&quot;,&quot;step_type&quot;:&quot;number_text&quot;,&quot;step_icon_shape&quot;:&quot;circle&quot;}\" data-widget_type=\"form.default\">\n\t\t\t\t\t\t\t<form class=\"elementor-form\" method=\"post\" name=\"Neues Formular\" aria-label=\"Neues Formular\">\n\t\t\t<input type=\"hidden\" name=\"post_id\" value=\"29\"\/>\n\t\t\t<input type=\"hidden\" name=\"form_id\" value=\"2b40014f\"\/>\n\t\t\t<input type=\"hidden\" name=\"referer_title\" value=\"Kontakt &amp; Anfahrt - Hotel Berghof\" \/>\n\n\t\t\t\t\t\t\t<input type=\"hidden\" name=\"queried_id\" value=\"29\"\/>\n\t\t\t\n\t\t\t<div class=\"elementor-form-fields-wrapper elementor-labels-above\">\n\t\t\t\t\t\t\t\t<div class=\"elementor-field-type-text elementor-field-group elementor-column elementor-field-group-field_993222f elementor-col-33 elementor-field-required\">\n\t\t\t\t\t\t\t\t\t\t\t\t\t<input size=\"1\" type=\"text\" name=\"form_fields[field_993222f]\" id=\"form-field-field_993222f\" class=\"elementor-field elementor-size-sm  elementor-field-textual\" placeholder=\"Vorname*\" required=\"required\">\n\t\t\t\t\t\t\t\t\t\t\t<\/div>\n\t\t\t\t\t\t\t\t<div class=\"elementor-field-type-text elementor-field-group elementor-column elementor-field-group-name elementor-col-33 elementor-field-required\">\n\t\t\t\t\t\t\t\t\t\t\t\t\t<input size=\"1\" type=\"text\" name=\"form_fields[name]\" id=\"form-field-name\" class=\"elementor-field elementor-size-sm  elementor-field-textual\" placeholder=\"Nachname*\" required=\"required\">\n\t\t\t\t\t\t\t\t\t\t\t<\/div>\n\t\t\t\t\t\t\t\t<div class=\"elementor-field-type-text elementor-field-group elementor-column elementor-field-group-field_910c4c7 elementor-col-33\">\n\t\t\t\t\t\t\t\t\t\t\t\t\t<input size=\"1\" type=\"text\" name=\"form_fields[field_910c4c7]\" id=\"form-field-field_910c4c7\" class=\"elementor-field elementor-size-sm  elementor-field-textual\" placeholder=\"Firma\">\n\t\t\t\t\t\t\t\t\t\t\t<\/div>\n\t\t\t\t\t\t\t\t<div class=\"elementor-field-type-text elementor-field-group elementor-column elementor-field-group-field_ef259b9 elementor-col-33 elementor-field-required\">\n\t\t\t\t\t\t\t\t\t\t\t\t\t<input size=\"1\" type=\"text\" name=\"form_fields[field_ef259b9]\" id=\"form-field-field_ef259b9\" class=\"elementor-field elementor-size-sm  elementor-field-textual\" placeholder=\"Stra\u00dfe*\" required=\"required\">\n\t\t\t\t\t\t\t\t\t\t\t<\/div>\n\t\t\t\t\t\t\t\t<div class=\"elementor-field-type-text elementor-field-group elementor-column elementor-field-group-field_b1fc8a9 elementor-col-33 elementor-field-required\">\n\t\t\t\t\t\t\t\t\t\t\t\t\t<input size=\"1\" type=\"text\" name=\"form_fields[field_b1fc8a9]\" id=\"form-field-field_b1fc8a9\" class=\"elementor-field elementor-size-sm  elementor-field-textual\" placeholder=\"PLZ*\" required=\"required\">\n\t\t\t\t\t\t\t\t\t\t\t<\/div>\n\t\t\t\t\t\t\t\t<div class=\"elementor-field-type-text elementor-field-group elementor-column elementor-field-group-field_14eb0e1 elementor-col-33 elementor-field-required\">\n\t\t\t\t\t\t\t\t\t\t\t\t\t<input size=\"1\" type=\"text\" name=\"form_fields[field_14eb0e1]\" id=\"form-field-field_14eb0e1\" class=\"elementor-field elementor-size-sm  elementor-field-textual\" placeholder=\"*Ort\" required=\"required\">\n\t\t\t\t\t\t\t\t\t\t\t<\/div>\n\t\t\t\t\t\t\t\t<div class=\"elementor-field-type-email elementor-field-group elementor-column elementor-field-group-email elementor-col-50 elementor-field-required\">\n\t\t\t\t\t\t\t\t\t\t\t\t\t<input size=\"1\" type=\"email\" name=\"form_fields[email]\" id=\"form-field-email\" class=\"elementor-field elementor-size-sm  elementor-field-textual\" placeholder=\"E-Mail*\" required=\"required\">\n\t\t\t\t\t\t\t\t\t\t\t<\/div>\n\t\t\t\t\t\t\t\t<div class=\"elementor-field-type-tel elementor-field-group elementor-column elementor-field-group-field_349f9b1 elementor-col-50 elementor-field-required\">\n\t\t\t\t\t\t\t<input size=\"1\" type=\"tel\" name=\"form_fields[field_349f9b1]\" id=\"form-field-field_349f9b1\" class=\"elementor-field elementor-size-sm  elementor-field-textual\" placeholder=\"Telefon*\" required=\"required\" pattern=\"[0-9()#&amp;+*-=.]+\" title=\"Only numbers and phone characters (#, -, *, etc) are accepted.\">\n\n\t\t\t\t\t\t<\/div>\n\t\t\t\t\t\t\t\t<div class=\"elementor-field-type-textarea elementor-field-group elementor-column elementor-field-group-message elementor-col-100\">\n\t\t\t\t\t<textarea class=\"elementor-field-textual elementor-field  elementor-size-sm\" name=\"form_fields[message]\" id=\"form-field-message\" rows=\"4\" placeholder=\"M\u00f6chten Sie uns etwas mitteilen?\"><\/textarea>\t\t\t\t<\/div>\n\t\t\t\t\t\t\t\t<div class=\"elementor-field-type-hcaptcha elementor-field-group elementor-column elementor-field-group-field_830bfe3 elementor-col-100\">\n\t\t\t\t\t<div class=\"elementor-field\" id=\"form-field-field_830bfe3\"><div class=\"elementor-hcaptcha\">\t\t<input\n\t\t\t\ttype=\"hidden\"\n\t\t\t\tclass=\"hcaptcha-widget-id\"\n\t\t\t\tname=\"hcaptcha-widget-id\"\n\t\t\t\tvalue=\"eyJzb3VyY2UiOlsiZWxlbWVudG9yLXByb1wvZWxlbWVudG9yLXByby5waHAiXSwiZm9ybV9pZCI6MH0=-701dae455808ea4c8cfe670da1a3841d\">\n\t\t\t\t<h-captcha\n\t\t\tclass=\"h-captcha\"\n\t\t\tdata-sitekey=\"b5f4446c-177e-47ac-bd72-6ab41a1051b0\"\n\t\t\tdata-theme=\"light\"\n\t\t\tdata-size=\"normal\"\n\t\t\tdata-auto=\"false\"\n\t\t\tdata-ajax=\"false\"\n\t\t\tdata-force=\"false\">\n\t\t<\/h-captcha>\n\t\t<\/div><\/div>\t\t\t\t<\/div>\n\t\t\t\t\t\t\t\t<div class=\"elementor-field-type-acceptance elementor-field-group elementor-column elementor-field-group-field_f84bfdc elementor-col-100\">\n\t\t\t\t\t\t\t\t\t\t\t\t<label for=\"form-field-field_f84bfdc\" class=\"elementor-field-label\">\n\t\t\t\t\t\t\t\tEinverst\u00e4ndniserkl\u00e4rung\t\t\t\t\t\t\t<\/label>\n\t\t\t\t\t\t\t\t<div class=\"elementor-field-subgroup\">\n\t\t\t<span class=\"elementor-field-option\">\n\t\t\t\t<input type=\"checkbox\" name=\"form_fields[field_f84bfdc]\" id=\"form-field-field_f84bfdc\" class=\"elementor-field elementor-size-sm  elementor-acceptance-field\">\n\t\t\t\t<label for=\"form-field-field_f84bfdc\"> Ich gebe hiermit das Einverst\u00e4ndnis zur Verarbeitung meiner Daten gem\u00e4\u00df Datenschutzerkl\u00e4rung. Sie k\u00f6nnen die Speicherung Ihrer Daten jederzeit widerrufen, indem Sie uns eine E-Mail an: hotel@berghof-seiffen.de zukommen lassen.<\/label>\t\t\t<\/span>\n\t\t<\/div>\n\t\t\t\t\t\t<\/div>\n\t\t\t\t\t\t\t\t<div class=\"elementor-field-group elementor-column elementor-field-type-submit elementor-col-100 e-form__buttons\">\n\t\t\t\t\t<button class=\"elementor-button elementor-size-md\" type=\"submit\">\n\t\t\t\t\t\t<span class=\"elementor-button-content-wrapper\">\n\t\t\t\t\t\t\t\t\t\t\t\t\t\t\t\t\t\t\t\t\t\t<span class=\"elementor-button-text\">Senden<\/span>\n\t\t\t\t\t\t\t\t\t\t\t\t\t<\/span>\n\t\t\t\t\t<\/button>\n\t\t\t\t<\/div>\n\t\t\t<\/div>\n\t\t<\/form>\n\t\t\t\t\t\t<\/div>\n\t\t\t\t<\/div>\n\t\t\t\t\t<\/div>\n\t\t\t\t<\/div>\n\t\t<div class=\"elementor-element elementor-element-19293dd e-flex e-con-boxed e-con e-parent\" data-id=\"19293dd\" data-element_type=\"container\" data-e-type=\"container\">\n\t\t\t\t\t<div class=\"e-con-inner\">\n\t\t\t\t<div class=\"elementor-element elementor-element-37f9e1e elementor-widget elementor-widget-heading\" data-id=\"37f9e1e\" data-element_type=\"widget\" data-e-type=\"widget\" data-widget_type=\"heading.default\">\n\t\t\t\t\t<h2 class=\"elementor-heading-title elementor-size-default\">So finden Sie gut und sicher den Weg zu uns.<\/h2>\t\t\t\t<\/div>\n\t\t\t\t\t<\/div>\n\t\t\t\t<\/div>\n\t\t<div class=\"elementor-element elementor-element-553d07b e-con-full e-flex e-con e-parent\" data-id=\"553d07b\" data-element_type=\"container\" data-e-type=\"container\">\n\t\t\t\t<div class=\"elementor-element elementor-element-3c15e3b elementor-widget elementor-widget-google_maps\" data-id=\"3c15e3b\" data-element_type=\"widget\" data-e-type=\"widget\" data-widget_type=\"google_maps.default\">\n\t\t\t\t\t\t\t<div class=\"elementor-custom-embed\">\n\t\t\t<iframe loading=\"lazy\"\n\t\t\t\t\tsrc=\"https:\/\/maps.google.com\/maps?q=Hotel%20Berghof%20Kurhaustra%C3%9Fe%2036%20%C2%B7%2009548%20Seiffen%2C%20Deutschland&#038;t=m&#038;z=17&#038;output=embed&#038;iwloc=near\"\n\t\t\t\t\ttitle=\"Hotel Berghof Kurhaustra\u00dfe 36 \u00b7 09548 Seiffen, Deutschland\"\n\t\t\t\t\taria-label=\"Hotel Berghof Kurhaustra\u00dfe 36 \u00b7 09548 Seiffen, Deutschland\"\n\t\t\t><\/iframe>\n\t\t<\/div>\n\t\t\t\t\t\t<\/div>\n\t\t\t\t<\/div>\n\t\t\t\t<\/div>\n\t\t","protected":false},"excerpt":{"rendered":"<p>Kontaktieren Sie uns, wenn &#8230; &#8230; Sie Fragen, W\u00fcnsche oder Anregungen haben Schreiben Sie uns gerne eine E-Mail, rufen Sie uns an oder nutzen Sie das untenstehende Kontakt-Formular. Anschrift Hotel BerghofKurhausstra\u00dfe 36 \u00b7 09548 Seiffen Kontaktdaten Telefon: 037362-77 20 \u00b7 Fax: 037362-77 22 20 hotel@berghof-seiffen.de Kontakt-Formular * Pflichtfelder So finden Sie gut und sicher den [&hellip;]<\/p>\n","protected":false},"author":1,"featured_media":0,"parent":0,"menu_order":0,"comment_status":"closed","ping_status":"closed","template":"elementor_header_footer","meta":{"footnotes":""},"class_list":["post-29","page","type-page","status-publish","hentry"],"yoast_head":"<!-- This site is optimized with the Yoast SEO plugin v27.4 - https:\/\/yoast.com\/product\/yoast-seo-wordpress\/ -->\n<title>Kontakt &amp; Anfahrt - Hotel Berghof<\/title>\n<meta name=\"description\" content=\"Hotel Berghof Seiffen: Hier finden Sie Kontaktdaten, Adresse und eine einfache Wegbeschreibung f\u00fcr Ihre Reise ins Erzgebirge\" \/>\n<meta name=\"robots\" content=\"index, follow, max-snippet:-1, max-image-preview:large, max-video-preview:-1\" \/>\n<link rel=\"canonical\" href=\"https:\/\/www.berghof-seiffen.de\/en\/kontakt-anfahrt\/\" \/>\n<meta property=\"og:locale\" content=\"en_GB\" \/>\n<meta property=\"og:type\" content=\"article\" \/>\n<meta property=\"og:title\" content=\"Kontakt &amp; Anfahrt - Hotel Berghof\" \/>\n<meta property=\"og:description\" content=\"Hotel Berghof Seiffen: Hier finden Sie Kontaktdaten, Adresse und eine einfache Wegbeschreibung f\u00fcr Ihre Reise ins Erzgebirge\" \/>\n<meta property=\"og:url\" content=\"https:\/\/www.berghof-seiffen.de\/en\/kontakt-anfahrt\/\" \/>\n<meta property=\"og:site_name\" content=\"Hotel Berghof\" \/>\n<meta property=\"article:modified_time\" content=\"2025-09-05T07:41:34+00:00\" \/>\n<meta name=\"twitter:card\" content=\"summary_large_image\" \/>\n<meta name=\"twitter:label1\" content=\"Estimated reading time\" \/>\n\t<meta name=\"twitter:data1\" content=\"1 minute\" \/>\n<script type=\"application\/ld+json\" class=\"yoast-schema-graph\">{\"@context\":\"https:\\\/\\\/schema.org\",\"@graph\":[{\"@type\":\"WebPage\",\"@id\":\"https:\\\/\\\/www.berghof-seiffen.de\\\/kontakt-anfahrt\\\/\",\"url\":\"https:\\\/\\\/www.berghof-seiffen.de\\\/kontakt-anfahrt\\\/\",\"name\":\"Kontakt &amp; Anfahrt - Hotel Berghof\",\"isPartOf\":{\"@id\":\"https:\\\/\\\/www.berghof-seiffen.de\\\/#website\"},\"datePublished\":\"2025-05-06T11:24:28+00:00\",\"dateModified\":\"2025-09-05T07:41:34+00:00\",\"description\":\"Hotel Berghof Seiffen: Hier finden Sie Kontaktdaten, Adresse und eine einfache Wegbeschreibung f\u00fcr Ihre Reise ins Erzgebirge\",\"breadcrumb\":{\"@id\":\"https:\\\/\\\/www.berghof-seiffen.de\\\/kontakt-anfahrt\\\/#breadcrumb\"},\"inLanguage\":\"en-GB\",\"potentialAction\":[{\"@type\":\"ReadAction\",\"target\":[\"https:\\\/\\\/www.berghof-seiffen.de\\\/kontakt-anfahrt\\\/\"]}]},{\"@type\":\"BreadcrumbList\",\"@id\":\"https:\\\/\\\/www.berghof-seiffen.de\\\/kontakt-anfahrt\\\/#breadcrumb\",\"itemListElement\":[{\"@type\":\"ListItem\",\"position\":1,\"name\":\"Startseite\",\"item\":\"https:\\\/\\\/www.berghof-seiffen.de\\\/\"},{\"@type\":\"ListItem\",\"position\":2,\"name\":\"Kontakt &amp; Anfahrt\"}]},{\"@type\":\"WebSite\",\"@id\":\"https:\\\/\\\/www.berghof-seiffen.de\\\/#website\",\"url\":\"https:\\\/\\\/www.berghof-seiffen.de\\\/\",\"name\":\"Hotel Berghof\",\"description\":\"Erzgebirgische Gastlichkeit erleben im &quot;Hotel Berghof&quot; in Seiffen\",\"publisher\":{\"@id\":\"https:\\\/\\\/www.berghof-seiffen.de\\\/#organization\"},\"potentialAction\":[{\"@type\":\"SearchAction\",\"target\":{\"@type\":\"EntryPoint\",\"urlTemplate\":\"https:\\\/\\\/www.berghof-seiffen.de\\\/?s={search_term_string}\"},\"query-input\":{\"@type\":\"PropertyValueSpecification\",\"valueRequired\":true,\"valueName\":\"search_term_string\"}}],\"inLanguage\":\"en-GB\"},{\"@type\":\"Organization\",\"@id\":\"https:\\\/\\\/www.berghof-seiffen.de\\\/#organization\",\"name\":\"Hotel Berghof\",\"url\":\"https:\\\/\\\/www.berghof-seiffen.de\\\/\",\"logo\":{\"@type\":\"ImageObject\",\"inLanguage\":\"en-GB\",\"@id\":\"https:\\\/\\\/www.berghof-seiffen.de\\\/#\\\/schema\\\/logo\\\/image\\\/\",\"url\":\"https:\\\/\\\/www.berghof-seiffen.de\\\/wp-content\\\/uploads\\\/cropped-logo.png\",\"contentUrl\":\"https:\\\/\\\/www.berghof-seiffen.de\\\/wp-content\\\/uploads\\\/cropped-logo.png\",\"width\":496,\"height\":418,\"caption\":\"Hotel Berghof\"},\"image\":{\"@id\":\"https:\\\/\\\/www.berghof-seiffen.de\\\/#\\\/schema\\\/logo\\\/image\\\/\"}}]}<\/script>\n<!-- \/ Yoast SEO plugin. -->","yoast_head_json":{"title":"Kontakt &amp; Anfahrt - Hotel Berghof","description":"Hotel Berghof Seiffen: Hier finden Sie Kontaktdaten, Adresse und eine einfache Wegbeschreibung f\u00fcr Ihre Reise ins Erzgebirge","robots":{"index":"index","follow":"follow","max-snippet":"max-snippet:-1","max-image-preview":"max-image-preview:large","max-video-preview":"max-video-preview:-1"},"canonical":"https:\/\/www.berghof-seiffen.de\/en\/kontakt-anfahrt\/","og_locale":"en_GB","og_type":"article","og_title":"Kontakt &amp; Anfahrt - Hotel Berghof","og_description":"Hotel Berghof Seiffen: Hier finden Sie Kontaktdaten, Adresse und eine einfache Wegbeschreibung f\u00fcr Ihre Reise ins Erzgebirge","og_url":"https:\/\/www.berghof-seiffen.de\/en\/kontakt-anfahrt\/","og_site_name":"Hotel Berghof","article_modified_time":"2025-09-05T07:41:34+00:00","twitter_card":"summary_large_image","twitter_misc":{"Estimated reading time":"1 minute"},"schema":{"@context":"https:\/\/schema.org","@graph":[{"@type":"WebPage","@id":"https:\/\/www.berghof-seiffen.de\/kontakt-anfahrt\/","url":"https:\/\/www.berghof-seiffen.de\/kontakt-anfahrt\/","name":"Kontakt &amp; Anfahrt - Hotel Berghof","isPartOf":{"@id":"https:\/\/www.berghof-seiffen.de\/#website"},"datePublished":"2025-05-06T11:24:28+00:00","dateModified":"2025-09-05T07:41:34+00:00","description":"Hotel Berghof Seiffen: Hier finden Sie Kontaktdaten, Adresse und eine einfache Wegbeschreibung f\u00fcr Ihre Reise ins Erzgebirge","breadcrumb":{"@id":"https:\/\/www.berghof-seiffen.de\/kontakt-anfahrt\/#breadcrumb"},"inLanguage":"en-GB","potentialAction":[{"@type":"ReadAction","target":["https:\/\/www.berghof-seiffen.de\/kontakt-anfahrt\/"]}]},{"@type":"BreadcrumbList","@id":"https:\/\/www.berghof-seiffen.de\/kontakt-anfahrt\/#breadcrumb","itemListElement":[{"@type":"ListItem","position":1,"name":"Startseite","item":"https:\/\/www.berghof-seiffen.de\/"},{"@type":"ListItem","position":2,"name":"Kontakt &amp; Anfahrt"}]},{"@type":"WebSite","@id":"https:\/\/www.berghof-seiffen.de\/#website","url":"https:\/\/www.berghof-seiffen.de\/","name":"Hotel Berghof","description":"Erzgebirgische Gastlichkeit erleben im &quot;Hotel Berghof&quot; in Seiffen","publisher":{"@id":"https:\/\/www.berghof-seiffen.de\/#organization"},"potentialAction":[{"@type":"SearchAction","target":{"@type":"EntryPoint","urlTemplate":"https:\/\/www.berghof-seiffen.de\/?s={search_term_string}"},"query-input":{"@type":"PropertyValueSpecification","valueRequired":true,"valueName":"search_term_string"}}],"inLanguage":"en-GB"},{"@type":"Organization","@id":"https:\/\/www.berghof-seiffen.de\/#organization","name":"Hotel Berghof","url":"https:\/\/www.berghof-seiffen.de\/","logo":{"@type":"ImageObject","inLanguage":"en-GB","@id":"https:\/\/www.berghof-seiffen.de\/#\/schema\/logo\/image\/","url":"https:\/\/www.berghof-seiffen.de\/wp-content\/uploads\/cropped-logo.png","contentUrl":"https:\/\/www.berghof-seiffen.de\/wp-content\/uploads\/cropped-logo.png","width":496,"height":418,"caption":"Hotel Berghof"},"image":{"@id":"https:\/\/www.berghof-seiffen.de\/#\/schema\/logo\/image\/"}}]}},"_links":{"self":[{"href":"https:\/\/www.berghof-seiffen.de\/en\/wp-json\/wp\/v2\/pages\/29","targetHints":{"allow":["GET"]}}],"collection":[{"href":"https:\/\/www.berghof-seiffen.de\/en\/wp-json\/wp\/v2\/pages"}],"about":[{"href":"https:\/\/www.berghof-seiffen.de\/en\/wp-json\/wp\/v2\/types\/page"}],"author":[{"embeddable":true,"href":"https:\/\/www.berghof-seiffen.de\/en\/wp-json\/wp\/v2\/users\/1"}],"replies":[{"embeddable":true,"href":"https:\/\/www.berghof-seiffen.de\/en\/wp-json\/wp\/v2\/comments?post=29"}],"version-history":[{"count":49,"href":"https:\/\/www.berghof-seiffen.de\/en\/wp-json\/wp\/v2\/pages\/29\/revisions"}],"predecessor-version":[{"id":1260,"href":"https:\/\/www.berghof-seiffen.de\/en\/wp-json\/wp\/v2\/pages\/29\/revisions\/1260"}],"wp:attachment":[{"href":"https:\/\/www.berghof-seiffen.de\/en\/wp-json\/wp\/v2\/media?parent=29"}],"curies":[{"name":"wp","href":"https:\/\/api.w.org\/{rel}","templated":true}]}}