{"id":904,"date":"2025-05-15T15:08:18","date_gmt":"2025-05-15T13:08:18","guid":{"rendered":"https:\/\/www.berghof-seiffen.de\/?page_id=904"},"modified":"2025-09-05T09:38:54","modified_gmt":"2025-09-05T07:38:54","slug":"reservierungsanfrage","status":"publish","type":"page","link":"https:\/\/www.berghof-seiffen.de\/en\/reservierungsanfrage\/","title":{"rendered":"Reservation request"},"content":{"rendered":"\t\t<div data-elementor-type=\"wp-page\" data-elementor-id=\"904\" class=\"elementor elementor-904\" data-elementor-post-type=\"page\">\n\t\t\t\t<div class=\"elementor-element elementor-element-3f1fa08 e-flex e-con-boxed e-con e-parent\" data-id=\"3f1fa08\" data-element_type=\"container\" data-e-type=\"container\">\n\t\t\t\t\t<div class=\"e-con-inner\">\n\t\t<div class=\"elementor-element elementor-element-b4df2ec animated-slow e-con-full e-flex elementor-invisible e-con e-child\" data-id=\"b4df2ec\" data-element_type=\"container\" data-e-type=\"container\" data-settings=\"{&quot;animation&quot;:&quot;slideInDown&quot;}\">\n\t\t\t\t<\/div>\n\t\t\t\t\t<\/div>\n\t\t\t\t<\/div>\n\t\t<div class=\"elementor-element elementor-element-36519546 e-flex e-con-boxed e-con e-parent\" data-id=\"36519546\" data-element_type=\"container\" data-e-type=\"container\">\n\t\t\t\t\t<div class=\"e-con-inner\">\n\t\t\t\t<div class=\"elementor-element elementor-element-da50c81 elementor-widget elementor-widget-text-editor\" data-id=\"da50c81\" data-element_type=\"widget\" data-e-type=\"widget\" data-widget_type=\"text-editor.default\">\n\t\t\t\t\t\t\t\t\t<h1>Reservierungsanfrage<\/h1>\t\t\t\t\t\t\t\t<\/div>\n\t\t\t\t<div class=\"elementor-element elementor-element-1f096b6d elementor-widget elementor-widget-heading\" data-id=\"1f096b6d\" data-element_type=\"widget\" data-e-type=\"widget\" data-widget_type=\"heading.default\">\n\t\t\t\t\t<h2 class=\"elementor-heading-title elementor-size-default\">... f\u00fcr Ihren Urlaub im Hotel Berghof in Seiffen<\/h2>\t\t\t\t<\/div>\n\t\t\t\t<div class=\"elementor-element elementor-element-2a93c3b2 elementor-widget-divider--view-line elementor-widget elementor-widget-divider\" data-id=\"2a93c3b2\" data-element_type=\"widget\" data-e-type=\"widget\" data-widget_type=\"divider.default\">\n\t\t\t\t\t\t\t<div class=\"elementor-divider\">\n\t\t\t<span class=\"elementor-divider-separator\">\n\t\t\t\t\t\t<\/span>\n\t\t<\/div>\n\t\t\t\t\t\t<\/div>\n\t\t\t\t<div class=\"elementor-element elementor-element-5d0b0b34 elementor-widget elementor-widget-text-editor\" data-id=\"5d0b0b34\" data-element_type=\"widget\" data-e-type=\"widget\" data-widget_type=\"text-editor.default\">\n\t\t\t\t\t\t\t\t\t<p class=\"bodytext\" style=\"text-align: left;\">Gerne unterbreiten wir Ihnen per E-Mail ein individuelles Angebot f\u00fcr Ihren Urlaub im Hotel Berghof in Seiffen im Erzgebirge.<\/p><p style=\"text-align: left;\"><b>Sofort-Info unter:<\/b>\u00a0037362\/ 77 20<\/p><p class=\"bodytext\" style=\"text-align: left;\">Wir freuen uns \u00fcber das von Ihnen ausgef\u00fcllte Formular. Ihre unverbindliche Anfrage wird umgehend von uns bearbeitet und beantwortet.<\/p>\t\t\t\t\t\t\t\t<\/div>\n\t\t\t\t\t<\/div>\n\t\t\t\t<\/div>\n\t\t<div class=\"elementor-element elementor-element-6180f97d e-flex e-con-boxed e-con e-parent\" data-id=\"6180f97d\" data-element_type=\"container\" data-e-type=\"container\" data-settings=\"{&quot;background_background&quot;:&quot;classic&quot;}\">\n\t\t\t\t\t<div class=\"e-con-inner\">\n\t\t<div class=\"elementor-element elementor-element-3915bfef e-con-full e-flex e-con e-child\" data-id=\"3915bfef\" data-element_type=\"container\" data-e-type=\"container\">\n\t\t\t\t<div class=\"elementor-element elementor-element-104d176f elementor-widget elementor-widget-text-editor\" data-id=\"104d176f\" data-element_type=\"widget\" data-e-type=\"widget\" data-widget_type=\"text-editor.default\">\n\t\t\t\t\t\t\t\t\t<h3>Ihre Reservierungsanfrage<\/h3>\t\t\t\t\t\t\t\t<\/div>\n\t\t\t\t<div class=\"elementor-element elementor-element-5c8aa00c elementor-widget elementor-widget-text-editor\" data-id=\"5c8aa00c\" data-element_type=\"widget\" data-e-type=\"widget\" data-widget_type=\"text-editor.default\">\n\t\t\t\t\t\t\t\t\t<p>* Pflichtfelder<\/p>\t\t\t\t\t\t\t\t<\/div>\n\t\t\t\t<div class=\"elementor-element elementor-element-34017da8 elementor-button-align-start elementor-widget elementor-widget-form\" data-id=\"34017da8\" data-element_type=\"widget\" data-e-type=\"widget\" data-settings=\"{&quot;step_next_label&quot;:&quot;N\\u00e4chster&quot;,&quot;step_previous_label&quot;:&quot;Voriger&quot;,&quot;button_width&quot;:&quot;100&quot;,&quot;step_type&quot;:&quot;number_text&quot;,&quot;step_icon_shape&quot;:&quot;circle&quot;}\" data-widget_type=\"form.default\">\n\t\t\t\t\t\t\t<form class=\"elementor-form\" method=\"post\" name=\"Neues Formular\" aria-label=\"Neues Formular\">\n\t\t\t<input type=\"hidden\" name=\"post_id\" value=\"904\"\/>\n\t\t\t<input type=\"hidden\" name=\"form_id\" value=\"34017da8\"\/>\n\t\t\t<input type=\"hidden\" name=\"referer_title\" value=\"Reservierungsanfrage - Hotel Berghof\" \/>\n\n\t\t\t\t\t\t\t<input type=\"hidden\" name=\"queried_id\" value=\"904\"\/>\n\t\t\t\n\t\t\t<div class=\"elementor-form-fields-wrapper elementor-labels-above\">\n\t\t\t\t\t\t\t\t<div class=\"elementor-field-type-text elementor-field-group elementor-column elementor-field-group-field_993222f elementor-col-33 elementor-field-required\">\n\t\t\t\t\t\t\t\t\t\t\t\t\t<input size=\"1\" type=\"text\" name=\"form_fields[field_993222f]\" id=\"form-field-field_993222f\" class=\"elementor-field elementor-size-sm  elementor-field-textual\" placeholder=\"Vorname*\" required=\"required\">\n\t\t\t\t\t\t\t\t\t\t\t<\/div>\n\t\t\t\t\t\t\t\t<div class=\"elementor-field-type-text elementor-field-group elementor-column elementor-field-group-name elementor-col-33 elementor-field-required\">\n\t\t\t\t\t\t\t\t\t\t\t\t\t<input size=\"1\" type=\"text\" name=\"form_fields[name]\" id=\"form-field-name\" class=\"elementor-field elementor-size-sm  elementor-field-textual\" placeholder=\"Nachname*\" required=\"required\">\n\t\t\t\t\t\t\t\t\t\t\t<\/div>\n\t\t\t\t\t\t\t\t<div class=\"elementor-field-type-text elementor-field-group elementor-column elementor-field-group-field_910c4c7 elementor-col-33\">\n\t\t\t\t\t\t\t\t\t\t\t\t\t<input size=\"1\" type=\"text\" name=\"form_fields[field_910c4c7]\" id=\"form-field-field_910c4c7\" class=\"elementor-field elementor-size-sm  elementor-field-textual\" placeholder=\"Firma\">\n\t\t\t\t\t\t\t\t\t\t\t<\/div>\n\t\t\t\t\t\t\t\t<div class=\"elementor-field-type-text elementor-field-group elementor-column elementor-field-group-field_ef259b9 elementor-col-33 elementor-field-required\">\n\t\t\t\t\t\t\t\t\t\t\t\t\t<input size=\"1\" type=\"text\" name=\"form_fields[field_ef259b9]\" id=\"form-field-field_ef259b9\" class=\"elementor-field elementor-size-sm  elementor-field-textual\" placeholder=\"Stra\u00dfe*\" required=\"required\">\n\t\t\t\t\t\t\t\t\t\t\t<\/div>\n\t\t\t\t\t\t\t\t<div class=\"elementor-field-type-text elementor-field-group elementor-column elementor-field-group-field_b1fc8a9 elementor-col-33 elementor-field-required\">\n\t\t\t\t\t\t\t\t\t\t\t\t\t<input size=\"1\" type=\"text\" name=\"form_fields[field_b1fc8a9]\" id=\"form-field-field_b1fc8a9\" class=\"elementor-field elementor-size-sm  elementor-field-textual\" placeholder=\"PLZ*\" required=\"required\">\n\t\t\t\t\t\t\t\t\t\t\t<\/div>\n\t\t\t\t\t\t\t\t<div class=\"elementor-field-type-text elementor-field-group elementor-column elementor-field-group-field_14eb0e1 elementor-col-33 elementor-field-required\">\n\t\t\t\t\t\t\t\t\t\t\t\t\t<input size=\"1\" type=\"text\" name=\"form_fields[field_14eb0e1]\" id=\"form-field-field_14eb0e1\" class=\"elementor-field elementor-size-sm  elementor-field-textual\" placeholder=\"Ort*\" required=\"required\">\n\t\t\t\t\t\t\t\t\t\t\t<\/div>\n\t\t\t\t\t\t\t\t<div class=\"elementor-field-type-email elementor-field-group elementor-column elementor-field-group-email elementor-col-50 elementor-field-required\">\n\t\t\t\t\t\t\t\t\t\t\t\t\t<input size=\"1\" type=\"email\" name=\"form_fields[email]\" id=\"form-field-email\" class=\"elementor-field elementor-size-sm  elementor-field-textual\" placeholder=\"E-Mail*\" required=\"required\">\n\t\t\t\t\t\t\t\t\t\t\t<\/div>\n\t\t\t\t\t\t\t\t<div class=\"elementor-field-type-tel elementor-field-group elementor-column elementor-field-group-field_349f9b1 elementor-col-50 elementor-field-required\">\n\t\t\t\t\t\t\t<input size=\"1\" type=\"tel\" name=\"form_fields[field_349f9b1]\" id=\"form-field-field_349f9b1\" class=\"elementor-field elementor-size-sm  elementor-field-textual\" placeholder=\"Telefon*\" required=\"required\" pattern=\"[0-9()#&amp;+*-=.]+\" title=\"Only numbers and phone characters (#, -, *, etc) are accepted.\">\n\n\t\t\t\t\t\t<\/div>\n\t\t\t\t\t\t\t\t<div class=\"elementor-field-type-date elementor-field-group elementor-column elementor-field-group-field_2ba9766 elementor-col-50 elementor-field-required\">\n\t\t\t\t\t\n\t\t<input type=\"date\" name=\"form_fields[field_2ba9766]\" id=\"form-field-field_2ba9766\" class=\"elementor-field elementor-size-sm  elementor-field-textual elementor-date-field\" placeholder=\"Anreisedatum*\" required=\"required\" pattern=\"[0-9]{4}-[0-9]{2}-[0-9]{2}\">\n\t\t\t\t\t\t<\/div>\n\t\t\t\t\t\t\t\t<div class=\"elementor-field-type-date elementor-field-group elementor-column elementor-field-group-field_1517b05 elementor-col-50 elementor-field-required\">\n\t\t\t\t\t\n\t\t<input type=\"date\" name=\"form_fields[field_1517b05]\" id=\"form-field-field_1517b05\" class=\"elementor-field elementor-size-sm  elementor-field-textual elementor-date-field\" placeholder=\"Abreisedatum*\" required=\"required\" pattern=\"[0-9]{4}-[0-9]{2}-[0-9]{2}\">\n\t\t\t\t\t\t<\/div>\n\t\t\t\t\t\t\t\t<div class=\"elementor-field-type-select elementor-field-group elementor-column elementor-field-group-field_42106f9 elementor-col-50 elementor-field-required\">\n\t\t\t\t\t\t\t<div class=\"elementor-field elementor-select-wrapper remove-before \">\n\t\t\t<div class=\"select-caret-down-wrapper\">\n\t\t\t\t<svg aria-hidden=\"true\" class=\"e-font-icon-svg e-eicon-caret-down\" viewBox=\"0 0 571.4 571.4\" xmlns=\"http:\/\/www.w3.org\/2000\/svg\"><path d=\"M571 393Q571 407 561 418L311 668Q300 679 286 679T261 668L11 418Q0 407 0 393T11 368 36 357H536Q550 357 561 368T571 393Z\"><\/path><\/svg>\t\t\t<\/div>\n\t\t\t<select name=\"form_fields[field_42106f9]\" id=\"form-field-field_42106f9\" class=\"elementor-field-textual elementor-size-sm\" required=\"required\">\n\t\t\t\t\t\t\t\t\t<option value=\"Zimmerkategorie*\">Zimmerkategorie*<\/option>\n\t\t\t\t\t\t\t\t\t<option value=\"Einzelzimmer\">Einzelzimmer<\/option>\n\t\t\t\t\t\t\t\t\t<option value=\"Zweibettzimmer\">Zweibettzimmer<\/option>\n\t\t\t\t\t\t\t\t\t<option value=\"Doppelzimmer\">Doppelzimmer<\/option>\n\t\t\t\t\t\t\t\t\t<option value=\"Doppelzimmer Superior\">Doppelzimmer Superior<\/option>\n\t\t\t\t\t\t\t\t\t<option value=\"Juniorsuite\">Juniorsuite<\/option>\n\t\t\t\t\t\t\t\t\t<option value=\"Appartement\">Appartement<\/option>\n\t\t\t\t\t\t\t\t\t<option value=\"Bergmann-Suite\">Bergmann-Suite<\/option>\n\t\t\t\t\t\t\t\t\t<option value=\"\"><\/option>\n\t\t\t\t\t\t\t<\/select>\n\t\t<\/div>\n\t\t\t\t\t\t<\/div>\n\t\t\t\t\t\t\t\t<div class=\"elementor-field-type-number elementor-field-group elementor-column elementor-field-group-field_9dcb4df elementor-col-50 elementor-field-required\">\n\t\t\t\t\t\t\t\t<input type=\"number\" name=\"form_fields[field_9dcb4df]\" id=\"form-field-field_9dcb4df\" class=\"elementor-field elementor-size-sm  elementor-field-textual\" placeholder=\"Anzahl der Zimmer*\" required=\"required\" min=\"1\" max=\"50\" >\n\t\t\t\t\t\t<\/div>\n\t\t\t\t\t\t\t\t<div class=\"elementor-field-type-number elementor-field-group elementor-column elementor-field-group-field_a9fbbfc elementor-col-50\">\n\t\t\t\t\t\t\t\t<input type=\"number\" name=\"form_fields[field_a9fbbfc]\" id=\"form-field-field_a9fbbfc\" class=\"elementor-field elementor-size-sm  elementor-field-textual\" placeholder=\"Anzahl der Kinder\" min=\"\" max=\"10\" >\n\t\t\t\t\t\t<\/div>\n\t\t\t\t\t\t\t\t<div class=\"elementor-field-type-text elementor-field-group elementor-column elementor-field-group-field_d1ec440 elementor-col-50\">\n\t\t\t\t\t\t\t\t\t\t\t\t\t<input size=\"1\" type=\"text\" name=\"form_fields[field_d1ec440]\" id=\"form-field-field_d1ec440\" class=\"elementor-field elementor-size-sm  elementor-field-textual\" placeholder=\"Alter der Kinder\">\n\t\t\t\t\t\t\t\t\t\t\t<\/div>\n\t\t\t\t\t\t\t\t<div class=\"elementor-field-type-checkbox elementor-field-group elementor-column elementor-field-group-field_9e7d285 elementor-col-100\">\n\t\t\t\t\t<div class=\"elementor-field-subgroup  \"><span class=\"elementor-field-option\"><input type=\"checkbox\" value=\"mit Fr\u00fchst\u00fcck\" id=\"form-field-field_9e7d285-0\" name=\"form_fields[field_9e7d285][]\"> <label for=\"form-field-field_9e7d285-0\">mit Fr\u00fchst\u00fcck<\/label><\/span><span class=\"elementor-field-option\"><input type=\"checkbox\" value=\"mit Halbpension\" id=\"form-field-field_9e7d285-1\" name=\"form_fields[field_9e7d285][]\"> <label for=\"form-field-field_9e7d285-1\">mit Halbpension<\/label><\/span><span class=\"elementor-field-option\"><input type=\"checkbox\" value=\"mit Haustier\" id=\"form-field-field_9e7d285-2\" name=\"form_fields[field_9e7d285][]\"> <label for=\"form-field-field_9e7d285-2\">mit Haustier<\/label><\/span><\/div>\t\t\t\t<\/div>\n\t\t\t\t\t\t\t\t<div class=\"elementor-field-type-select elementor-field-group elementor-column elementor-field-group-field_c8335f3 elementor-col-100 elementor-field-required\">\n\t\t\t\t\t\t\t<div class=\"elementor-field elementor-select-wrapper remove-before \">\n\t\t\t<div class=\"select-caret-down-wrapper\">\n\t\t\t\t<svg aria-hidden=\"true\" class=\"e-font-icon-svg e-eicon-caret-down\" viewBox=\"0 0 571.4 571.4\" xmlns=\"http:\/\/www.w3.org\/2000\/svg\"><path d=\"M571 393Q571 407 561 418L311 668Q300 679 286 679T261 668L11 418Q0 407 0 393T11 368 36 357H536Q550 357 561 368T571 393Z\"><\/path><\/svg>\t\t\t<\/div>\n\t\t\t<select name=\"form_fields[field_c8335f3]\" id=\"form-field-field_c8335f3\" class=\"elementor-field-textual elementor-size-sm\" required=\"required\">\n\t\t\t\t\t\t\t\t\t<option value=\"Kontakt erw\u00fcnscht per* \">Kontakt erw\u00fcnscht per* <\/option>\n\t\t\t\t\t\t\t\t\t<option value=\"E-Mail\">E-Mail<\/option>\n\t\t\t\t\t\t\t\t\t<option value=\"Telefon\">Telefon<\/option>\n\t\t\t\t\t\t\t<\/select>\n\t\t<\/div>\n\t\t\t\t\t\t<\/div>\n\t\t\t\t\t\t\t\t<div class=\"elementor-field-type-textarea elementor-field-group elementor-column elementor-field-group-message elementor-col-100\">\n\t\t\t\t\t\t\t\t\t\t\t\t<label for=\"form-field-message\" class=\"elementor-field-label\">\n\t\t\t\t\t\t\t\tNachricht:\t\t\t\t\t\t\t<\/label>\n\t\t\t\t\t\t<textarea class=\"elementor-field-textual elementor-field  elementor-size-sm\" name=\"form_fields[message]\" id=\"form-field-message\" rows=\"4\" placeholder=\"M\u00f6chten Sie uns etwas mitteilen?\"><\/textarea>\t\t\t\t<\/div>\n\t\t\t\t\t\t\t\t<div class=\"elementor-field-type-hcaptcha elementor-field-group elementor-column elementor-field-group-field_849631c elementor-col-100\">\n\t\t\t\t\t<div class=\"elementor-field\" id=\"form-field-field_849631c\"><div class=\"elementor-hcaptcha\">\t\t<input\n\t\t\t\ttype=\"hidden\"\n\t\t\t\tclass=\"hcaptcha-widget-id\"\n\t\t\t\tname=\"hcaptcha-widget-id\"\n\t\t\t\tvalue=\"eyJzb3VyY2UiOlsiZWxlbWVudG9yLXByb1wvZWxlbWVudG9yLXByby5waHAiXSwiZm9ybV9pZCI6MH0=-701dae455808ea4c8cfe670da1a3841d\">\n\t\t\t\t<h-captcha\n\t\t\tclass=\"h-captcha\"\n\t\t\tdata-sitekey=\"b5f4446c-177e-47ac-bd72-6ab41a1051b0\"\n\t\t\tdata-theme=\"light\"\n\t\t\tdata-size=\"normal\"\n\t\t\tdata-auto=\"false\"\n\t\t\tdata-ajax=\"false\"\n\t\t\tdata-force=\"false\">\n\t\t<\/h-captcha>\n\t\t<\/div><\/div>\t\t\t\t<\/div>\n\t\t\t\t\t\t\t\t<div class=\"elementor-field-type-acceptance elementor-field-group elementor-column elementor-field-group-field_8b98b8e elementor-col-100 elementor-field-required\">\n\t\t\t\t\t\t\t\t\t\t\t\t<label for=\"form-field-field_8b98b8e\" class=\"elementor-field-label\">\n\t\t\t\t\t\t\t\tEinverst\u00e4ndniserkl\u00e4rung*\t\t\t\t\t\t\t<\/label>\n\t\t\t\t\t\t\t\t<div class=\"elementor-field-subgroup\">\n\t\t\t<span class=\"elementor-field-option\">\n\t\t\t\t<input type=\"checkbox\" name=\"form_fields[field_8b98b8e]\" id=\"form-field-field_8b98b8e\" class=\"elementor-field elementor-size-sm  elementor-acceptance-field\" required=\"required\">\n\t\t\t\t<label for=\"form-field-field_8b98b8e\"> Ich gebe hiermit das Einverst\u00e4ndnis zur Verarbeitung meiner Daten gem\u00e4\u00df Datenschutzerkl\u00e4rung. Sie k\u00f6nnen die Speicherung Ihrer Daten jederzeit widerrufen, indem Sie uns eine E-Mail an: hotel@berghof-seiffen.de zukommen lassen.<\/label>\t\t\t<\/span>\n\t\t<\/div>\n\t\t\t\t\t\t<\/div>\n\t\t\t\t\t\t\t\t<div class=\"elementor-field-group elementor-column elementor-field-type-submit elementor-col-100 e-form__buttons\">\n\t\t\t\t\t<button class=\"elementor-button elementor-size-sm\" type=\"submit\">\n\t\t\t\t\t\t<span class=\"elementor-button-content-wrapper\">\n\t\t\t\t\t\t\t\t\t\t\t\t\t\t\t\t\t\t\t\t\t\t<span class=\"elementor-button-text\">Senden<\/span>\n\t\t\t\t\t\t\t\t\t\t\t\t\t<\/span>\n\t\t\t\t\t<\/button>\n\t\t\t\t<\/div>\n\t\t\t<\/div>\n\t\t<\/form>\n\t\t\t\t\t\t<\/div>\n\t\t\t\t<\/div>\n\t\t\t\t\t<\/div>\n\t\t\t\t<\/div>\n\t\t\t\t<\/div>\n\t\t","protected":false},"excerpt":{"rendered":"<p>Reservierungsanfrage &#8230; f\u00fcr Ihren Urlaub im Hotel Berghof in Seiffen Gerne unterbreiten wir Ihnen per E-Mail ein individuelles Angebot f\u00fcr Ihren Urlaub im Hotel Berghof in Seiffen im Erzgebirge. Sofort-Info unter:\u00a0037362\/ 77 20 Wir freuen uns \u00fcber das von Ihnen ausgef\u00fcllte Formular. Ihre unverbindliche Anfrage wird umgehend von uns bearbeitet und beantwortet. Ihre Reservierungsanfrage * [&hellip;]<\/p>\n","protected":false},"author":1,"featured_media":0,"parent":0,"menu_order":0,"comment_status":"closed","ping_status":"closed","template":"elementor_header_footer","meta":{"footnotes":""},"class_list":["post-904","page","type-page","status-publish","hentry"],"yoast_head":"<!-- This site is optimized with the Yoast SEO plugin v27.4 - https:\/\/yoast.com\/product\/yoast-seo-wordpress\/ -->\n<title>Reservierungsanfrage - Hotel Berghof<\/title>\n<meta name=\"description\" content=\"Reservierungsanfrage zum Hotel Berghof Seiffen - wir helfen Ihnen gerne bei Anfragen zu Zimmern, Stellpl\u00e4tzen und Ihrem Urlaub im Erzgebirge\" \/>\n<meta name=\"robots\" content=\"index, follow, max-snippet:-1, max-image-preview:large, max-video-preview:-1\" \/>\n<link rel=\"canonical\" href=\"https:\/\/www.berghof-seiffen.de\/en\/reservierungsanfrage\/\" \/>\n<meta property=\"og:locale\" content=\"en_GB\" \/>\n<meta property=\"og:type\" content=\"article\" \/>\n<meta property=\"og:title\" content=\"Reservierungsanfrage - Hotel Berghof\" \/>\n<meta property=\"og:description\" content=\"Reservierungsanfrage zum Hotel Berghof Seiffen - wir helfen Ihnen gerne bei Anfragen zu Zimmern, Stellpl\u00e4tzen und Ihrem Urlaub im Erzgebirge\" \/>\n<meta property=\"og:url\" content=\"https:\/\/www.berghof-seiffen.de\/en\/reservierungsanfrage\/\" \/>\n<meta property=\"og:site_name\" content=\"Hotel Berghof\" \/>\n<meta property=\"article:modified_time\" content=\"2025-09-05T07:38:54+00:00\" \/>\n<meta name=\"twitter:card\" content=\"summary_large_image\" \/>\n<meta name=\"twitter:label1\" content=\"Estimated reading time\" \/>\n\t<meta name=\"twitter:data1\" content=\"1 minute\" \/>\n<script type=\"application\/ld+json\" class=\"yoast-schema-graph\">{\"@context\":\"https:\\\/\\\/schema.org\",\"@graph\":[{\"@type\":\"WebPage\",\"@id\":\"https:\\\/\\\/www.berghof-seiffen.de\\\/reservierungsanfrage\\\/\",\"url\":\"https:\\\/\\\/www.berghof-seiffen.de\\\/reservierungsanfrage\\\/\",\"name\":\"Reservierungsanfrage - Hotel Berghof\",\"isPartOf\":{\"@id\":\"https:\\\/\\\/www.berghof-seiffen.de\\\/#website\"},\"datePublished\":\"2025-05-15T13:08:18+00:00\",\"dateModified\":\"2025-09-05T07:38:54+00:00\",\"description\":\"Reservierungsanfrage zum Hotel Berghof Seiffen - wir helfen Ihnen gerne bei Anfragen zu Zimmern, Stellpl\u00e4tzen und Ihrem Urlaub im Erzgebirge\",\"breadcrumb\":{\"@id\":\"https:\\\/\\\/www.berghof-seiffen.de\\\/reservierungsanfrage\\\/#breadcrumb\"},\"inLanguage\":\"en-GB\",\"potentialAction\":[{\"@type\":\"ReadAction\",\"target\":[\"https:\\\/\\\/www.berghof-seiffen.de\\\/reservierungsanfrage\\\/\"]}]},{\"@type\":\"BreadcrumbList\",\"@id\":\"https:\\\/\\\/www.berghof-seiffen.de\\\/reservierungsanfrage\\\/#breadcrumb\",\"itemListElement\":[{\"@type\":\"ListItem\",\"position\":1,\"name\":\"Startseite\",\"item\":\"https:\\\/\\\/www.berghof-seiffen.de\\\/\"},{\"@type\":\"ListItem\",\"position\":2,\"name\":\"Reservierungsanfrage\"}]},{\"@type\":\"WebSite\",\"@id\":\"https:\\\/\\\/www.berghof-seiffen.de\\\/#website\",\"url\":\"https:\\\/\\\/www.berghof-seiffen.de\\\/\",\"name\":\"Hotel Berghof\",\"description\":\"Erzgebirgische Gastlichkeit erleben im &quot;Hotel Berghof&quot; in Seiffen\",\"publisher\":{\"@id\":\"https:\\\/\\\/www.berghof-seiffen.de\\\/#organization\"},\"potentialAction\":[{\"@type\":\"SearchAction\",\"target\":{\"@type\":\"EntryPoint\",\"urlTemplate\":\"https:\\\/\\\/www.berghof-seiffen.de\\\/?s={search_term_string}\"},\"query-input\":{\"@type\":\"PropertyValueSpecification\",\"valueRequired\":true,\"valueName\":\"search_term_string\"}}],\"inLanguage\":\"en-GB\"},{\"@type\":\"Organization\",\"@id\":\"https:\\\/\\\/www.berghof-seiffen.de\\\/#organization\",\"name\":\"Hotel Berghof\",\"url\":\"https:\\\/\\\/www.berghof-seiffen.de\\\/\",\"logo\":{\"@type\":\"ImageObject\",\"inLanguage\":\"en-GB\",\"@id\":\"https:\\\/\\\/www.berghof-seiffen.de\\\/#\\\/schema\\\/logo\\\/image\\\/\",\"url\":\"https:\\\/\\\/www.berghof-seiffen.de\\\/wp-content\\\/uploads\\\/cropped-logo.png\",\"contentUrl\":\"https:\\\/\\\/www.berghof-seiffen.de\\\/wp-content\\\/uploads\\\/cropped-logo.png\",\"width\":496,\"height\":418,\"caption\":\"Hotel Berghof\"},\"image\":{\"@id\":\"https:\\\/\\\/www.berghof-seiffen.de\\\/#\\\/schema\\\/logo\\\/image\\\/\"}}]}<\/script>\n<!-- \/ Yoast SEO plugin. -->","yoast_head_json":{"title":"Reservierungsanfrage - Hotel Berghof","description":"Reservierungsanfrage zum Hotel Berghof Seiffen - wir helfen Ihnen gerne bei Anfragen zu Zimmern, Stellpl\u00e4tzen und Ihrem Urlaub im Erzgebirge","robots":{"index":"index","follow":"follow","max-snippet":"max-snippet:-1","max-image-preview":"max-image-preview:large","max-video-preview":"max-video-preview:-1"},"canonical":"https:\/\/www.berghof-seiffen.de\/en\/reservierungsanfrage\/","og_locale":"en_GB","og_type":"article","og_title":"Reservierungsanfrage - Hotel Berghof","og_description":"Reservierungsanfrage zum Hotel Berghof Seiffen - wir helfen Ihnen gerne bei Anfragen zu Zimmern, Stellpl\u00e4tzen und Ihrem Urlaub im Erzgebirge","og_url":"https:\/\/www.berghof-seiffen.de\/en\/reservierungsanfrage\/","og_site_name":"Hotel Berghof","article_modified_time":"2025-09-05T07:38:54+00:00","twitter_card":"summary_large_image","twitter_misc":{"Estimated reading time":"1 minute"},"schema":{"@context":"https:\/\/schema.org","@graph":[{"@type":"WebPage","@id":"https:\/\/www.berghof-seiffen.de\/reservierungsanfrage\/","url":"https:\/\/www.berghof-seiffen.de\/reservierungsanfrage\/","name":"Reservierungsanfrage - Hotel Berghof","isPartOf":{"@id":"https:\/\/www.berghof-seiffen.de\/#website"},"datePublished":"2025-05-15T13:08:18+00:00","dateModified":"2025-09-05T07:38:54+00:00","description":"Reservierungsanfrage zum Hotel Berghof Seiffen - wir helfen Ihnen gerne bei Anfragen zu Zimmern, Stellpl\u00e4tzen und Ihrem Urlaub im Erzgebirge","breadcrumb":{"@id":"https:\/\/www.berghof-seiffen.de\/reservierungsanfrage\/#breadcrumb"},"inLanguage":"en-GB","potentialAction":[{"@type":"ReadAction","target":["https:\/\/www.berghof-seiffen.de\/reservierungsanfrage\/"]}]},{"@type":"BreadcrumbList","@id":"https:\/\/www.berghof-seiffen.de\/reservierungsanfrage\/#breadcrumb","itemListElement":[{"@type":"ListItem","position":1,"name":"Startseite","item":"https:\/\/www.berghof-seiffen.de\/"},{"@type":"ListItem","position":2,"name":"Reservierungsanfrage"}]},{"@type":"WebSite","@id":"https:\/\/www.berghof-seiffen.de\/#website","url":"https:\/\/www.berghof-seiffen.de\/","name":"Hotel Berghof","description":"Erzgebirgische Gastlichkeit erleben im &quot;Hotel Berghof&quot; in Seiffen","publisher":{"@id":"https:\/\/www.berghof-seiffen.de\/#organization"},"potentialAction":[{"@type":"SearchAction","target":{"@type":"EntryPoint","urlTemplate":"https:\/\/www.berghof-seiffen.de\/?s={search_term_string}"},"query-input":{"@type":"PropertyValueSpecification","valueRequired":true,"valueName":"search_term_string"}}],"inLanguage":"en-GB"},{"@type":"Organization","@id":"https:\/\/www.berghof-seiffen.de\/#organization","name":"Hotel Berghof","url":"https:\/\/www.berghof-seiffen.de\/","logo":{"@type":"ImageObject","inLanguage":"en-GB","@id":"https:\/\/www.berghof-seiffen.de\/#\/schema\/logo\/image\/","url":"https:\/\/www.berghof-seiffen.de\/wp-content\/uploads\/cropped-logo.png","contentUrl":"https:\/\/www.berghof-seiffen.de\/wp-content\/uploads\/cropped-logo.png","width":496,"height":418,"caption":"Hotel Berghof"},"image":{"@id":"https:\/\/www.berghof-seiffen.de\/#\/schema\/logo\/image\/"}}]}},"_links":{"self":[{"href":"https:\/\/www.berghof-seiffen.de\/en\/wp-json\/wp\/v2\/pages\/904","targetHints":{"allow":["GET"]}}],"collection":[{"href":"https:\/\/www.berghof-seiffen.de\/en\/wp-json\/wp\/v2\/pages"}],"about":[{"href":"https:\/\/www.berghof-seiffen.de\/en\/wp-json\/wp\/v2\/types\/page"}],"author":[{"embeddable":true,"href":"https:\/\/www.berghof-seiffen.de\/en\/wp-json\/wp\/v2\/users\/1"}],"replies":[{"embeddable":true,"href":"https:\/\/www.berghof-seiffen.de\/en\/wp-json\/wp\/v2\/comments?post=904"}],"version-history":[{"count":67,"href":"https:\/\/www.berghof-seiffen.de\/en\/wp-json\/wp\/v2\/pages\/904\/revisions"}],"predecessor-version":[{"id":1257,"href":"https:\/\/www.berghof-seiffen.de\/en\/wp-json\/wp\/v2\/pages\/904\/revisions\/1257"}],"wp:attachment":[{"href":"https:\/\/www.berghof-seiffen.de\/en\/wp-json\/wp\/v2\/media?parent=904"}],"curies":[{"name":"wp","href":"https:\/\/api.w.org\/{rel}","templated":true}]}}